{"id":8,"date":"2023-11-08T15:01:31","date_gmt":"2023-11-08T15:01:31","guid":{"rendered":"https:\/\/antaproyecciones.com\/?page_id=8"},"modified":"2025-03-07T13:01:23","modified_gmt":"2025-03-07T13:01:23","slug":"inicio","status":"publish","type":"page","link":"https:\/\/antaproyecciones.com\/","title":{"rendered":"Inicio"},"content":{"rendered":"<p>[et_pb_section fb_built=&#8221;1&#8243; admin_label=&#8221;Hero Section&#8221; _builder_version=&#8221;4.23&#8243; use_background_color_gradient=&#8221;on&#8221; background_color_gradient_stops=&#8221;#000000 0%|rgba(0,0,0,0) 100%&#8221; background_color_gradient_overlays_image=&#8221;on&#8221; background_color_gradient_start=&#8221;#000000&#8243; background_color_gradient_end=&#8221;rgba(0,0,0,0)&#8221; background_image=&#8221;https:\/\/antaproyecciones.com\/wp-content\/uploads\/2023\/11\/travel-landscape-16.jpg&#8221; custom_margin=&#8221;|||&#8221; custom_padding=&#8221;17%||17%|||&#8221; animation_style=&#8221;fade&#8221; global_colors_info=&#8221;{}&#8221;][et_pb_row _builder_version=&#8221;4.16&#8243; global_colors_info=&#8221;{}&#8221;][et_pb_column type=&#8221;4_4&#8243; _builder_version=&#8221;4.16&#8243; custom_padding=&#8221;|||&#8221; global_colors_info=&#8221;{}&#8221; custom_padding__hover=&#8221;|||&#8221;][et_pb_text _builder_version=&#8221;4.23&#8243; text_font=&#8221;Roboto|300|||||||&#8221; text_font_size=&#8221;24px&#8221; text_letter_spacing=&#8221;4px&#8221; text_line_height=&#8221;1.6em&#8221; header_font=&#8221;Nunito||||||||&#8221; header_font_size=&#8221;80px&#8221; header_line_height=&#8221;1.1em&#8221; header_2_font=&#8221;||||||||&#8221; text_orientation=&#8221;center&#8221; background_layout=&#8221;dark&#8221; header_font_size_tablet=&#8221;&#8221; header_font_size_phone=&#8221;48px&#8221; header_font_size_last_edited=&#8221;on|phone&#8221; global_colors_info=&#8221;{}&#8221;]<\/p>\n<p>Desde cortometrajes conmovedores hasta documentales impactantes, creamos experiencias audiovisuales memorables.<\/p>\n<p>[\/et_pb_text][\/et_pb_column][\/et_pb_row][\/et_pb_section][et_pb_section fb_built=&#8221;1&#8243; admin_label=&#8221;Category Search Section&#8221; _builder_version=&#8221;4.23&#8243; background_color=&#8221;#191919&#8243; custom_padding=&#8221;110px||110px|&#8221; global_colors_info=&#8221;{}&#8221;][et_pb_row admin_label=&#8221;Category Search Title Area&#8221; _builder_version=&#8221;4.16&#8243; locked=&#8221;off&#8221; global_colors_info=&#8221;{}&#8221;][et_pb_column type=&#8221;4_4&#8243; _builder_version=&#8221;4.16&#8243; custom_padding=&#8221;|||&#8221; global_colors_info=&#8221;{}&#8221; custom_padding__hover=&#8221;|||&#8221;][et_pb_text admin_label=&#8221;Title&#8221; _builder_version=&#8221;4.23&#8243; text_font=&#8221;||||||||&#8221; header_font=&#8221;||||||||&#8221; header_2_font=&#8221;Roboto|300|||||||&#8221; header_2_text_align=&#8221;center&#8221; header_2_text_color=&#8221;gcid-65229c65-e2f6-4387-9c0e-20dac25d5e38&#8243; header_2_font_size=&#8221;36px&#8221; header_2_letter_spacing=&#8221;5px&#8221; header_2_line_height=&#8221;1.4em&#8221; max_width=&#8221;70%&#8221; module_alignment=&#8221;center&#8221; custom_margin=&#8221;||5px|&#8221; animation_style=&#8221;fold&#8221; animation_direction=&#8221;bottom&#8221; animation_intensity_fold=&#8221;20%&#8221; animation_starting_opacity=&#8221;100%&#8221; global_colors_info=&#8221;{%22gcid-65229c65-e2f6-4387-9c0e-20dac25d5e38%22:%91%22header_2_text_color%22%93}&#8221;]<\/p>\n<h2><span>Somos tu aliado creativo en el mundo audiovisual<\/span><\/h2>\n<p>[\/et_pb_text][et_pb_text _builder_version=&#8221;4.23&#8243; text_font=&#8221;Open Sans|300|||||||&#8221; text_text_color=&#8221;#f7f7f7&#8243; text_font_size=&#8221;15px&#8221; text_line_height=&#8221;1.8em&#8221; text_orientation=&#8221;center&#8221; max_width=&#8221;600px&#8221; module_alignment=&#8221;center&#8221; animation_style=&#8221;fold&#8221; animation_direction=&#8221;bottom&#8221; animation_intensity_fold=&#8221;20%&#8221; animation_starting_opacity=&#8221;100%&#8221; global_colors_info=&#8221;{}&#8221;]<\/p>\n<p>En Anta Proyecciones, fusionamos la <strong>pasi\u00f3n por el arte cinematogr\u00e1fico<\/strong> con la precisi\u00f3n t\u00e9cnica para ofrecer producciones audiovisuales que superan las expectativas. Desde la idea inicial hasta la postproducci\u00f3n, cada fase refleja nuestro <strong>compromiso con la excelencia<\/strong>. <span>Capturamos la esencia de cada historia, cada momento, con pasi\u00f3n y precisi\u00f3n<\/span><\/p>\n<p>[\/et_pb_text][et_pb_divider color=&#8221;gcid-65229c65-e2f6-4387-9c0e-20dac25d5e38&#8243; divider_position=&#8221;center&#8221; divider_weight=&#8221;2px&#8221; _builder_version=&#8221;4.23&#8243; max_width=&#8221;50px&#8221; module_alignment=&#8221;center&#8221; global_colors_info=&#8221;{%22gcid-65229c65-e2f6-4387-9c0e-20dac25d5e38%22:%91%22color%22%93}&#8221;][\/et_pb_divider][\/et_pb_column][\/et_pb_row][et_pb_row column_structure=&#8221;1_3,1_3,1_3&#8243; admin_label=&#8221;Categories&#8221; _builder_version=&#8221;4.27.0&#8243; max_width=&#8221;1440px&#8221; custom_padding=&#8221;20px|||&#8221; use_custom_width=&#8221;on&#8221; custom_width_px=&#8221;1440px&#8221; locked=&#8221;off&#8221; global_colors_info=&#8221;{}&#8221;][et_pb_column type=&#8221;1_3&#8243; _builder_version=&#8221;4.27.0&#8243; _module_preset=&#8221;default&#8221; global_colors_info=&#8221;{}&#8221;][et_pb_blurb title=&#8221;Eventos Sociales&#8221; url=&#8221;@ET-DC@eyJkeW5hbWljIjp0cnVlLCJjb250ZW50IjoicG9zdF9saW5rX3VybF9wYWdlIiwic2V0dGluZ3MiOnsicG9zdF9pZCI6Ijg4In19@&#8221; image=&#8221;https:\/\/antaproyecciones.com\/wp-content\/uploads\/2025\/03\/8w99_compressed-1.gif&#8221; admin_label=&#8221;Category&#8221; _builder_version=&#8221;4.27.0&#8243; _dynamic_attributes=&#8221;url,link_option_url&#8221; header_level=&#8221;h3&#8243; header_font=&#8221;Roboto|300|||||||&#8221; header_text_align=&#8221;center&#8221; header_text_color=&#8221;gcid-65229c65-e2f6-4387-9c0e-20dac25d5e38&#8243; header_font_size=&#8221;24px&#8221; header_letter_spacing=&#8221;4px&#8221; header_line_height=&#8221;1.3em&#8221; body_font=&#8221;Open Sans|300|||||||&#8221; body_text_align=&#8221;left&#8221; body_text_color=&#8221;#d1d1d1&#8243; body_font_size=&#8221;15px&#8221; body_line_height=&#8221;1.8em&#8221; background_color=&#8221;#262626&#8243; custom_padding=&#8221;||1rem||false|false&#8221; animation=&#8221;off&#8221; link_option_url=&#8221;@ET-DC@eyJkeW5hbWljIjp0cnVlLCJjb250ZW50IjoicG9zdF9saW5rX3VybF9wYWdlIiwic2V0dGluZ3MiOnsicG9zdF9pZCI6IjkzIn19@&#8221; hover_enabled=&#8221;0&#8243; border_radii=&#8221;on|10px|10px|10px|10px&#8221; locked=&#8221;off&#8221; global_colors_info=&#8221;{%22gcid-65229c65-e2f6-4387-9c0e-20dac25d5e38%22:%91%22header_text_color%22,%22header_text_color%22,%22header_text_color%22%93}&#8221; title_text=&#8221;8w99_compressed&#8221; sticky_enabled=&#8221;0&#8243;]<\/p>\n<p style=\"text-align: left; padding: 0 1rem;\">Inmortaliza esos momentos especiales y \u00fanicos en la vida y haz que puedas volver a vivirlos cuando desees de una manera muy emotiva. Que esos momentos perduren por siempre.<\/p>\n<p>[\/et_pb_blurb][\/et_pb_column][et_pb_column type=&#8221;1_3&#8243; _builder_version=&#8221;4.27.0&#8243; _module_preset=&#8221;default&#8221; global_colors_info=&#8221;{}&#8221;][et_pb_blurb title=&#8221;Fotografia&#8221; url=&#8221;@ET-DC@eyJkeW5hbWljIjp0cnVlLCJjb250ZW50IjoicG9zdF9saW5rX3VybF9wYWdlIiwic2V0dGluZ3MiOnsicG9zdF9pZCI6IjkwIn19@&#8221; image=&#8221;https:\/\/antaproyecciones.com\/wp-content\/uploads\/2025\/03\/cortos-1-1_compressed-1.gif&#8221; admin_label=&#8221;Category&#8221; _builder_version=&#8221;4.27.0&#8243; _dynamic_attributes=&#8221;url,link_option_url&#8221; header_level=&#8221;h3&#8243; header_font=&#8221;Roboto|300|||||||&#8221; header_text_align=&#8221;center&#8221; header_text_color=&#8221;gcid-65229c65-e2f6-4387-9c0e-20dac25d5e38&#8243; header_font_size=&#8221;24px&#8221; header_letter_spacing=&#8221;4px&#8221; header_line_height=&#8221;1.3em&#8221; body_font=&#8221;Open Sans|300|||||||&#8221; body_text_align=&#8221;left&#8221; body_text_color=&#8221;#d1d1d1&#8243; body_font_size=&#8221;15px&#8221; body_line_height=&#8221;1.8em&#8221; background_color=&#8221;#262626&#8243; custom_padding=&#8221;||1rem||false|false&#8221; animation=&#8221;off&#8221; link_option_url=&#8221;@ET-DC@eyJkeW5hbWljIjp0cnVlLCJjb250ZW50IjoicG9zdF9saW5rX3VybF9wYWdlIiwic2V0dGluZ3MiOnsicG9zdF9pZCI6IjkzIn19@&#8221; hover_enabled=&#8221;0&#8243; border_radii=&#8221;on|10px|10px|10px|10px&#8221; locked=&#8221;off&#8221; global_colors_info=&#8221;{%22gcid-65229c65-e2f6-4387-9c0e-20dac25d5e38%22:%91%22header_text_color%22,%22header_text_color%22,%22header_text_color%22%93}&#8221; title_text=&#8221;cortos-1-1_compressed&#8221; sticky_enabled=&#8221;0&#8243;]<\/p>\n<p style=\"text-align: left; padding: 0 1rem;\">Una imagen congelada en el tiempo y que te cuente su historia no tiene precio. Ese momento especial merece ser recordado con una gran calidad y que refleje lo m\u00e1gico que fue.<\/p>\n<p>[\/et_pb_blurb][\/et_pb_column][et_pb_column type=&#8221;1_3&#8243; _builder_version=&#8221;4.27.0&#8243; _module_preset=&#8221;default&#8221; global_colors_info=&#8221;{}&#8221;][et_pb_blurb title=&#8221;Marketing Digital&#8221; url=&#8221;@ET-DC@eyJkeW5hbWljIjp0cnVlLCJjb250ZW50IjoicG9zdF9saW5rX3VybF9wYWdlIiwic2V0dGluZ3MiOnsicG9zdF9pZCI6IjkxIn19@&#8221; image=&#8221;https:\/\/antaproyecciones.com\/wp-content\/uploads\/2025\/03\/cortos-2_compressed-1.gif&#8221; admin_label=&#8221;Category&#8221; _builder_version=&#8221;4.27.0&#8243; _dynamic_attributes=&#8221;url,link_option_url&#8221; header_level=&#8221;h3&#8243; header_font=&#8221;Roboto|300|||||||&#8221; header_text_align=&#8221;center&#8221; header_text_color=&#8221;gcid-65229c65-e2f6-4387-9c0e-20dac25d5e38&#8243; header_font_size=&#8221;24px&#8221; header_letter_spacing=&#8221;4px&#8221; header_line_height=&#8221;1.3em&#8221; body_font=&#8221;Open Sans|300|||||||&#8221; body_text_align=&#8221;left&#8221; body_text_color=&#8221;#d1d1d1&#8243; body_font_size=&#8221;15px&#8221; body_line_height=&#8221;1.8em&#8221; background_color=&#8221;#262626&#8243; custom_padding=&#8221;||1rem||false|false&#8221; animation=&#8221;off&#8221; link_option_url=&#8221;@ET-DC@eyJkeW5hbWljIjp0cnVlLCJjb250ZW50IjoicG9zdF9saW5rX3VybF9wYWdlIiwic2V0dGluZ3MiOnsicG9zdF9pZCI6IjkzIn19@&#8221; hover_enabled=&#8221;0&#8243; border_radii=&#8221;on|10px|10px|10px|10px&#8221; locked=&#8221;off&#8221; global_colors_info=&#8221;{%22gcid-65229c65-e2f6-4387-9c0e-20dac25d5e38%22:%91%22header_text_color%22,%22header_text_color%22,%22header_text_color%22%93}&#8221; title_text=&#8221;cortos-2_compressed&#8221; sticky_enabled=&#8221;0&#8243;]<\/p>\n<p style=\"text-align: left; padding: 0 1rem;\">Las empresas que son grandes, alguna vez iniciaron siendo peque\u00f1as. Fue la buena utilizaci\u00f3n de los recursos los que los hizo lo que ahora son. Haz que tus clientes vuelvan y te traigan mas clientes<\/p>\n<p>[\/et_pb_blurb][\/et_pb_column][\/et_pb_row][et_pb_row column_structure=&#8221;1_3,1_3,1_3&#8243; admin_label=&#8221;Categories&#8221; _builder_version=&#8221;4.27.0&#8243; max_width=&#8221;1440px&#8221; custom_padding=&#8221;20px|||&#8221; hover_enabled=&#8221;0&#8243; use_custom_width=&#8221;on&#8221; custom_width_px=&#8221;1440px&#8221; global_colors_info=&#8221;{}&#8221; sticky_enabled=&#8221;0&#8243;][et_pb_column type=&#8221;1_3&#8243; _builder_version=&#8221;4.27.0&#8243; _module_preset=&#8221;default&#8221; global_colors_info=&#8221;{}&#8221;][et_pb_blurb title=&#8221;Cortometrajes&#8221; url=&#8221;@ET-DC@eyJkeW5hbWljIjp0cnVlLCJjb250ZW50IjoicG9zdF9saW5rX3VybF9wYWdlIiwic2V0dGluZ3MiOnsicG9zdF9pZCI6IjI1NyJ9fQ==@&#8221; image=&#8221;https:\/\/antaproyecciones.com\/wp-content\/uploads\/2025\/03\/cortos-1_compressed_compressed.gif&#8221; admin_label=&#8221;Category&#8221; _builder_version=&#8221;4.27.0&#8243; _dynamic_attributes=&#8221;url,link_option_url&#8221; header_level=&#8221;h3&#8243; header_font=&#8221;Roboto|300|||||||&#8221; header_text_align=&#8221;center&#8221; header_text_color=&#8221;gcid-65229c65-e2f6-4387-9c0e-20dac25d5e38&#8243; header_font_size=&#8221;24px&#8221; header_letter_spacing=&#8221;4px&#8221; header_line_height=&#8221;1.3em&#8221; body_font=&#8221;Open Sans|300|||||||&#8221; body_text_align=&#8221;left&#8221; body_text_color=&#8221;#d1d1d1&#8243; body_font_size=&#8221;15px&#8221; body_line_height=&#8221;1.8em&#8221; background_color=&#8221;#262626&#8243; custom_padding=&#8221;||1rem||false|false&#8221; animation=&#8221;off&#8221; link_option_url=&#8221;@ET-DC@eyJkeW5hbWljIjp0cnVlLCJjb250ZW50IjoicG9zdF9saW5rX3VybF9wYWdlIiwic2V0dGluZ3MiOnsicG9zdF9pZCI6IjkzIn19@&#8221; hover_enabled=&#8221;0&#8243; border_radii=&#8221;on|10px|10px|10px|10px&#8221; locked=&#8221;off&#8221; global_colors_info=&#8221;{%22gcid-65229c65-e2f6-4387-9c0e-20dac25d5e38%22:%91%22header_text_color%22,%22header_text_color%22,%22header_text_color%22%93}&#8221; title_text=&#8221;cortos-1_compressed_compressed&#8221; sticky_enabled=&#8221;0&#8243;]<\/p>\n<p style=\"text-align: left; padding: 0 1rem;\">Sum\u00e9rgete en narrativas emotivas y poderosas en minutos. Nuestros cortometrajes capturan momentos impactantes, transformando ideas en historias memorables.<\/p>\n<p>[\/et_pb_blurb][\/et_pb_column][et_pb_column type=&#8221;1_3&#8243; _builder_version=&#8221;4.16&#8243; custom_padding=&#8221;|||&#8221; global_colors_info=&#8221;{}&#8221; custom_padding__hover=&#8221;|||&#8221;][et_pb_blurb title=&#8221;Documentales&#8221; url=&#8221;@ET-DC@eyJkeW5hbWljIjp0cnVlLCJjb250ZW50IjoicG9zdF9saW5rX3VybF9wYWdlIiwic2V0dGluZ3MiOnsicG9zdF9pZCI6IjkzIn19@&#8221; image=&#8221;https:\/\/antaproyecciones.com\/wp-content\/uploads\/2025\/03\/cortos-3_compressed_compressed.gif&#8221; admin_label=&#8221;Category&#8221; _builder_version=&#8221;4.27.0&#8243; _dynamic_attributes=&#8221;url,link_option_url&#8221; header_level=&#8221;h3&#8243; header_font=&#8221;Roboto|300|||||||&#8221; header_text_align=&#8221;center&#8221; header_text_color=&#8221;gcid-65229c65-e2f6-4387-9c0e-20dac25d5e38&#8243; header_font_size=&#8221;24px&#8221; header_letter_spacing=&#8221;4px&#8221; header_line_height=&#8221;1.3em&#8221; body_font=&#8221;Open Sans|300|||||||&#8221; body_text_align=&#8221;left&#8221; body_text_color=&#8221;#d1d1d1&#8243; body_font_size=&#8221;15px&#8221; body_line_height=&#8221;1.8em&#8221; background_color=&#8221;#262626&#8243; custom_padding=&#8221;||1rem||false|false&#8221; animation=&#8221;off&#8221; link_option_url=&#8221;@ET-DC@eyJkeW5hbWljIjp0cnVlLCJjb250ZW50IjoicG9zdF9saW5rX3VybF9wYWdlIiwic2V0dGluZ3MiOnsicG9zdF9pZCI6IjkzIn19@&#8221; hover_enabled=&#8221;0&#8243; border_radii=&#8221;on|10px|10px|10px|10px&#8221; locked=&#8221;off&#8221; global_colors_info=&#8221;{%22gcid-65229c65-e2f6-4387-9c0e-20dac25d5e38%22:%91%22header_text_color%22,%22header_text_color%22,%22header_text_color%22%93}&#8221; title_text=&#8221;cortos-3_compressed_compressed&#8221; sticky_enabled=&#8221;0&#8243;]<\/p>\n<p style=\"text-align: left; padding: 0 1rem;\">Explora la realidad a trav\u00e9s de nuestra lente. Producimos documentales poderosos que dan voz a historias aut\u00e9nticas, dejando una huella duradera en la audiencia.<\/p>\n<p>[\/et_pb_blurb][\/et_pb_column][et_pb_column type=&#8221;1_3&#8243; _builder_version=&#8221;4.27.0&#8243; _module_preset=&#8221;default&#8221; global_colors_info=&#8221;{}&#8221;][et_pb_blurb title=&#8221;Videoclips&#8221; url=&#8221;@ET-DC@eyJkeW5hbWljIjp0cnVlLCJjb250ZW50IjoicG9zdF9saW5rX3VybF9wYWdlIiwic2V0dGluZ3MiOnsicG9zdF9pZCI6IjE1MiJ9fQ==@&#8221; image=&#8221;https:\/\/antaproyecciones.com\/wp-content\/uploads\/2025\/03\/cortos-4_compressed_compressed.gif&#8221; admin_label=&#8221;Category&#8221; _builder_version=&#8221;4.27.0&#8243; _dynamic_attributes=&#8221;url,link_option_url&#8221; header_level=&#8221;h3&#8243; header_font=&#8221;Roboto|300|||||||&#8221; header_text_align=&#8221;center&#8221; header_text_color=&#8221;gcid-65229c65-e2f6-4387-9c0e-20dac25d5e38&#8243; header_font_size=&#8221;24px&#8221; header_letter_spacing=&#8221;4px&#8221; header_line_height=&#8221;1.3em&#8221; body_font=&#8221;Open Sans|300|||||||&#8221; body_text_align=&#8221;left&#8221; body_text_color=&#8221;#d1d1d1&#8243; body_font_size=&#8221;15px&#8221; body_line_height=&#8221;1.8em&#8221; background_color=&#8221;#262626&#8243; custom_padding=&#8221;||1rem||false|false&#8221; animation=&#8221;off&#8221; link_option_url=&#8221;@ET-DC@eyJkeW5hbWljIjp0cnVlLCJjb250ZW50IjoicG9zdF9saW5rX3VybF9wYWdlIiwic2V0dGluZ3MiOnsicG9zdF9pZCI6IjkzIn19@&#8221; hover_enabled=&#8221;0&#8243; border_radii=&#8221;on|10px|10px|10px|10px&#8221; locked=&#8221;off&#8221; global_colors_info=&#8221;{%22gcid-65229c65-e2f6-4387-9c0e-20dac25d5e38%22:%91%22header_text_color%22,%22header_text_color%22,%22header_text_color%22%93}&#8221; title_text=&#8221;cortos-4_compressed_compressed&#8221; sticky_enabled=&#8221;0&#8243;]<\/p>\n<p style=\"text-align: left; padding: 0 1rem;\">Dale vida visual a tu m\u00fasica. Creamos videoclips que potencian la narrativa musical, capturando la esencia \u00fanica de cada nota y letra con impacto visual.<\/p>\n<p>[\/et_pb_blurb][\/et_pb_column][\/et_pb_row][\/et_pb_section]<\/p>\n","protected":false},"excerpt":{"rendered":"<p>Desde cortometrajes conmovedores hasta documentales impactantes, creamos experiencias audiovisuales memorables.Somos tu aliado creativo en el mundo audiovisualEn Anta Proyecciones, fusionamos la pasi\u00f3n por el arte cinematogr\u00e1fico con la precisi\u00f3n t\u00e9cnica para ofrecer producciones audiovisuales que superan las expectativas. Desde la idea inicial hasta la postproducci\u00f3n, cada fase refleja nuestro compromiso con la excelencia. Capturamos la [&hellip;]<\/p>\n","protected":false},"author":1,"featured_media":0,"parent":0,"menu_order":0,"comment_status":"closed","ping_status":"closed","template":"","meta":{"_et_pb_use_builder":"on","_et_pb_old_content":"","_et_gb_content_width":"","footnotes":""},"class_list":["post-8","page","type-page","status-publish","hentry"],"_links":{"self":[{"href":"https:\/\/antaproyecciones.com\/index.php\/wp-json\/wp\/v2\/pages\/8","targetHints":{"allow":["GET"]}}],"collection":[{"href":"https:\/\/antaproyecciones.com\/index.php\/wp-json\/wp\/v2\/pages"}],"about":[{"href":"https:\/\/antaproyecciones.com\/index.php\/wp-json\/wp\/v2\/types\/page"}],"author":[{"embeddable":true,"href":"https:\/\/antaproyecciones.com\/index.php\/wp-json\/wp\/v2\/users\/1"}],"replies":[{"embeddable":true,"href":"https:\/\/antaproyecciones.com\/index.php\/wp-json\/wp\/v2\/comments?post=8"}],"version-history":[{"count":45,"href":"https:\/\/antaproyecciones.com\/index.php\/wp-json\/wp\/v2\/pages\/8\/revisions"}],"predecessor-version":[{"id":581,"href":"https:\/\/antaproyecciones.com\/index.php\/wp-json\/wp\/v2\/pages\/8\/revisions\/581"}],"wp:attachment":[{"href":"https:\/\/antaproyecciones.com\/index.php\/wp-json\/wp\/v2\/media?parent=8"}],"curies":[{"name":"wp","href":"https:\/\/api.w.org\/{rel}","templated":true}]}}